{"id":930,"date":"2023-03-09T23:53:51","date_gmt":"2023-03-09T22:53:51","guid":{"rendered":"https:\/\/inpap.p.lodz.pl\/en\/?page_id=930"},"modified":"2023-05-14T08:33:12","modified_gmt":"2023-05-14T06:33:12","slug":"inpap2023","status":"publish","type":"page","link":"https:\/\/inpap.p.lodz.pl\/en\/inpap2023\/","title":{"rendered":"XV Scientific Conference and Exhibition INPAP 2023"},"content":{"rendered":"\t\t<div data-elementor-type=\"wp-page\" data-elementor-id=\"930\" class=\"elementor elementor-930\" data-elementor-settings=\"[]\">\n\t\t\t\t\t\t\t<div class=\"elementor-section-wrap\">\n\t\t\t\t\t\t\t<section class=\"elementor-section elementor-top-section elementor-element elementor-element-5365d6b elementor-section-boxed elementor-section-height-default elementor-section-height-default\" data-id=\"5365d6b\" data-element_type=\"section\">\n\t\t\t\t\t\t<div class=\"elementor-container elementor-column-gap-default\">\n\t\t\t\t\t<div class=\"elementor-column elementor-col-100 elementor-top-column elementor-element elementor-element-3ed3cce\" data-id=\"3ed3cce\" data-element_type=\"column\">\n\t\t\t<div class=\"elementor-widget-wrap elementor-element-populated\">\n\t\t\t\t\t\t\t\t<div class=\"elementor-element elementor-element-8e5860c elementor-widget elementor-widget-text-editor\" data-id=\"8e5860c\" data-element_type=\"widget\" data-widget_type=\"text-editor.default\">\n\t\t\t\t<div class=\"elementor-widget-container\">\n\t\t\t\t\t\t\t\t<table class=\"NormalTable\"><tbody><tr><td width=\"550\"><h5><span class=\"fontstyle0\">Centre of Papermaking and Printing at Lodz University of Technology invites everyone to participate in <strong>XV Scientific and Technical Conference and Exhibition INPAP 2023<\/strong><\/span><\/h5><h5><span class=\"fontstyle0\"> which will be held in the Uniej\u00f3w, a historic spa town known for its geothermal waters and hot healing brines.<\/span><span class=\"fontstyle0\">We are looking forward to welcoming you among our participants.<\/span><\/h5><h5><strong><span style=\"color: #0000ff;\">Attention! The deadline for submitting abstracts has been extended. The new date is May 15, 2023.<\/span><\/strong><\/h5><h5 style=\"text-align: center;\"><a href=\"https:\/\/inpap.p.lodz.pl\/en\/wp-content\/uploads\/2023\/05\/inpap2023_flyer_ENG_v2.pdf\">Flyer<\/a><\/h5><h5 style=\"text-align: center;\"><a href=\"https:\/\/forms.office.com\/e\/02v54PK449\">Registration Form<\/a><\/h5><p><strong><span class=\"fontstyle2\">Organiser<\/span><\/strong><\/p><p><span class=\"fontstyle0\">Centre of Papermaking and Printing<br \/>Lodz University of Technology<br \/>W\u00f3lcza\u0144ska 221<br \/>93-005 \u0141\u00f3d\u017a<br \/><\/span><span class=\"fontstyle2\">tel: +48 42 631 38 03<br \/><\/span><span class=\"fontstyle2\">+48 42 631 38 02 (financial matters)<br \/><\/span><span class=\"fontstyle2\">fax: +48 42 631 38 01<br \/>email i\u00a0strona www: <\/span><span class=\"fontstyle2\">inpap.biuro@info.p.lodz.pl<br \/>agnieszka.wysocka-robak@p.lodz.pl<br \/>www.inpap.p.lodz.pl\/inpap2023<\/span><\/p><p><strong>Conference Venue<\/strong><\/p><p><span class=\"fontstyle0\">ApartHotel Termy Uniej\u00f3w<br \/>ul.\u00a0Termalna 1,<br \/>99-210 Uniej\u00f3w<br \/><\/span><span class=\"fontstyle2\">+48 721 001 001, +48 505 784 996<br \/>e-mail: <\/span><span class=\"fontstyle2\">hotel@aparthotel-termyuniejow.pl<br \/>rezerwacje@aparthotel-termyuniejow.pl<\/span><\/p><p><span class=\"fontstyle2\"><br \/><\/span><span class=\"fontstyle3\"><strong>Official Languages<\/strong><br \/><\/span><span class=\"fontstyle0\">English and Polish<br \/><\/span><\/p><p><span class=\"fontstyle3\"><strong>Papers Submission<\/strong><br \/><\/span><span class=\"fontstyle4\">Scientific papers:<br \/><\/span><span class=\"fontstyle0\">In order to give the authors an opportunity to publish their findings in high-impact factor journals, all scientific papers are to be submitted as extended abstracts only, which will be included in the Conference Proceedings. Persons interested in presenting a paper or a poster should fill in the Registration Form and send it to the Conference Office, giving paper or poster title, authors\u2019 names, and extended abstracts. The abstract should be prepared in Polish or English, according to the instruction given at <\/span><span class=\"fontstyle0\">http:\/\/www.inpap.p.lodz.pl<\/span><span class=\"fontstyle0\">, and sent to the Conference Office via email. <\/span><span class=\"fontstyle4\">Abstracts should be sent by May 15th, 2023. <\/span><span class=\"fontstyle0\">The presentation time is 15-20 minutes.<br \/><\/span><span class=\"fontstyle4\">All scientific papers will be reviewed.<br \/><\/span><span class=\"fontstyle0\">http:\/\/www.inpap.p.lodz.pl<br \/><\/span><span class=\"fontstyle3\"><strong>Participation in The Conference<\/strong><br \/><\/span><span class=\"fontstyle0\">Persons interested in participating in the Conference are requested to fill in the <a href=\"https:\/\/forms.office.com\/e\/02v54PK449\">Registration Form<\/a> and send it to the address of Conference Office by <\/span><span class=\"fontstyle4\">May, 22nd, 2023<\/span><span class=\"fontstyle0\">. Proper Conference fee should be realized to Organizers&#8217; account. The form is available at the Conference website.<br \/><\/span><span class=\"fontstyle4\">The basic fee for participation in the conference is:<br \/>Regular participant: 1800 PLN<br \/>Scientific presentation &#8211; Speaker: 1200 PLN<br \/><\/span><span class=\"fontstyle4\"><strong>Commercial presentations:<\/strong><br \/>Additional fee for a commercial presentation: 1000 PLN + VAT. The time allotted for commercial presentation is 25 minutes.<br \/><\/span><span class=\"fontstyle4\">Note: It is not possible to pay fees during the conference<\/span><\/p><p><span class=\"fontstyle4\">The fee does not include accommodation. Participants must book accommodation on their own at the Conference venue (discount on password \u201cINPAP\u201d). <\/span><span class=\"fontstyle0\">The fee entitles you to: participation in all sessions, touring shows, a set of materials conference, lunch and participation in social events. <\/span><span class=\"fontstyle4\">NOTE: The pro-forma invoice can be issued. Once the payment has been made, the final invoice will be issued.<br \/><\/span><span class=\"fontstyle3\"><strong>Participation in The Exhibition<\/strong><br \/><\/span><span class=\"fontstyle0\">During the Conference, companies and suppliers will have the opportunity to present and offer their products, technologies, machines and innovative services. Participants and companies wishing to take part in the Exhibition are requested to fill in the Registration Form and send it to the address of the Conference Office by <\/span><span class=\"fontstyle4\">May, 22nd, 2023<\/span><span class=\"fontstyle0\">.<br \/><\/span><span class=\"fontstyle4\">Note: The prerequisite for participation in the exhibition is co-participation in the conference, confirmed by the appropriate application of any person representing Exhibitor and paying of\u00a0 conference fee.<br \/><\/span><span class=\"fontstyle0\">The basic fee for rental of exhibition space is <\/span><span class=\"fontstyle4\">3900 PLN + VAT. <\/span><span class=\"fontstyle0\">It provides a stand of the area of 4 m<\/span><span class=\"fontstyle0\">2<\/span><span class=\"fontstyle0\">, equipped with a table, two chairs, counter,<br \/>lighting, electrical outlet, 230V, and company name on the frieze. For each additional 1 m<\/span><span class=\"fontstyle0\">2 <\/span><span class=\"fontstyle0\">of exhibition space fee increases by <\/span><span class=\"fontstyle4\">500 PLN + VAT<\/span><span class=\"fontstyle0\">.<\/span><\/p><\/td><\/tr><\/tbody><\/table>\t\t\t\t\t\t<\/div>\n\t\t\t\t<\/div>\n\t\t\t\t\t<\/div>\n\t\t<\/div>\n\t\t\t\t\t\t\t<\/div>\n\t\t<\/section>\n\t\t\t\t<section class=\"elementor-section elementor-top-section elementor-element elementor-element-e076050 elementor-section-boxed elementor-section-height-default elementor-section-height-default\" data-id=\"e076050\" data-element_type=\"section\">\n\t\t\t\t\t\t<div class=\"elementor-container elementor-column-gap-default\">\n\t\t\t\t\t<div class=\"elementor-column elementor-col-100 elementor-top-column elementor-element elementor-element-a9b4049\" data-id=\"a9b4049\" data-element_type=\"column\">\n\t\t\t<div class=\"elementor-widget-wrap elementor-element-populated\">\n\t\t\t\t\t\t\t\t<div class=\"elementor-element elementor-element-693f42e elementor-widget elementor-widget-image\" data-id=\"693f42e\" data-element_type=\"widget\" data-widget_type=\"image.default\">\n\t\t\t\t<div class=\"elementor-widget-container\">\n\t\t\t\t\t\t\t\t\t\t\t\t\t\t\t<img loading=\"lazy\" decoding=\"async\" width=\"768\" height=\"520\" src=\"https:\/\/inpap.p.lodz.pl\/en\/wp-content\/uploads\/2023\/03\/Main_info_EN-768x520.jpg\" class=\"attachment-medium_large size-medium_large\" alt=\"\" srcset=\"https:\/\/inpap.p.lodz.pl\/en\/wp-content\/uploads\/2023\/03\/Main_info_EN-768x520.jpg 768w, https:\/\/inpap.p.lodz.pl\/en\/wp-content\/uploads\/2023\/03\/Main_info_EN-300x203.jpg 300w, https:\/\/inpap.p.lodz.pl\/en\/wp-content\/uploads\/2023\/03\/Main_info_EN.jpg 774w\" sizes=\"auto, (max-width: 768px) 100vw, 768px\" \/>\t\t\t\t\t\t\t\t\t\t\t\t\t\t\t<\/div>\n\t\t\t\t<\/div>\n\t\t\t\t\t<\/div>\n\t\t<\/div>\n\t\t\t\t\t\t\t<\/div>\n\t\t<\/section>\n\t\t\t\t\t\t<\/div>\n\t\t\t\t\t<\/div>\n\t\t","protected":false},"excerpt":{"rendered":"<p>Centre of Papermaking and Printing at Lodz University of Technology invites everyone to participate in XV Scientific and Technical Conference and Exhibition INPAP 2023 which will be held in the Uniej\u00f3w, a historic spa town known for its geothermal waters and hot healing brines.We are looking forward to welcoming you among our participants. Attention! The [&hellip;]<\/p>\n","protected":false},"author":2,"featured_media":0,"parent":0,"menu_order":0,"comment_status":"closed","ping_status":"closed","template":"","meta":{"footnotes":""},"class_list":["post-930","page","type-page","status-publish","hentry"],"_links":{"self":[{"href":"https:\/\/inpap.p.lodz.pl\/en\/wp-json\/wp\/v2\/pages\/930","targetHints":{"allow":["GET"]}}],"collection":[{"href":"https:\/\/inpap.p.lodz.pl\/en\/wp-json\/wp\/v2\/pages"}],"about":[{"href":"https:\/\/inpap.p.lodz.pl\/en\/wp-json\/wp\/v2\/types\/page"}],"author":[{"embeddable":true,"href":"https:\/\/inpap.p.lodz.pl\/en\/wp-json\/wp\/v2\/users\/2"}],"replies":[{"embeddable":true,"href":"https:\/\/inpap.p.lodz.pl\/en\/wp-json\/wp\/v2\/comments?post=930"}],"version-history":[{"count":34,"href":"https:\/\/inpap.p.lodz.pl\/en\/wp-json\/wp\/v2\/pages\/930\/revisions"}],"predecessor-version":[{"id":984,"href":"https:\/\/inpap.p.lodz.pl\/en\/wp-json\/wp\/v2\/pages\/930\/revisions\/984"}],"wp:attachment":[{"href":"https:\/\/inpap.p.lodz.pl\/en\/wp-json\/wp\/v2\/media?parent=930"}],"curies":[{"name":"wp","href":"https:\/\/api.w.org\/{rel}","templated":true}]}}