{"id":47,"date":"2021-03-25T13:58:52","date_gmt":"2021-03-25T12:58:52","guid":{"rendered":"http:\/\/inpap.hogi.pl\/en\/?page_id=47"},"modified":"2021-06-21T22:56:20","modified_gmt":"2021-06-21T20:56:20","slug":"candidates","status":"publish","type":"page","link":"https:\/\/inpap.p.lodz.pl\/en\/candidates\/","title":{"rendered":"Education offer"},"content":{"rendered":"\t\t<div data-elementor-type=\"wp-page\" data-elementor-id=\"47\" class=\"elementor elementor-47\" data-elementor-settings=\"[]\">\n\t\t\t\t\t\t\t<div class=\"elementor-section-wrap\">\n\t\t\t\t\t\t\t<section class=\"elementor-section elementor-top-section elementor-element elementor-element-df98937 elementor-section-boxed elementor-section-height-default elementor-section-height-default\" data-id=\"df98937\" data-element_type=\"section\">\n\t\t\t\t\t\t<div class=\"elementor-container elementor-column-gap-default\">\n\t\t\t\t\t<div class=\"elementor-column elementor-col-100 elementor-top-column elementor-element elementor-element-ad37714\" data-id=\"ad37714\" data-element_type=\"column\">\n\t\t\t<div class=\"elementor-widget-wrap elementor-element-populated\">\n\t\t\t\t\t\t\t\t<div class=\"elementor-element elementor-element-5235b24 elementor-widget elementor-widget-heading\" data-id=\"5235b24\" data-element_type=\"widget\" data-widget_type=\"heading.default\">\n\t\t\t\t<div class=\"elementor-widget-container\">\n\t\t\t<h4 class=\"elementor-heading-title elementor-size-default\">STUDIUJ Z NAMI<\/h4>\t\t<\/div>\n\t\t\t\t<\/div>\n\t\t\t\t<div class=\"elementor-element elementor-element-29e9f1d elementor-widget elementor-widget-text-editor\" data-id=\"29e9f1d\" data-element_type=\"widget\" data-widget_type=\"text-editor.default\">\n\t\t\t\t<div class=\"elementor-widget-container\">\n\t\t\t\t\t\t\t\t<p>Kszta\u0142cenie odbywa si\u0119 wed\u0142ug nowych, atrakcyjnych program\u00f3w studi\u00f3w, zgodnie z&nbsp;zasadami wsp\u00f3\u0142czesnego nauczania w&nbsp;uczelniach europejskich, okre\u015blonymi w&nbsp;tzw. procesie bolo\u0144skim. Program uwzgl\u0119dnia interdyscyplinarny charakter studi\u00f3w oraz&nbsp;ukierunkowanie kszta\u0142cenia na&nbsp;potrzeby przemys\u0142u, m.in. przez wprowadzenie bloku przedmiot\u00f3w tzw. zawodowych, prowadzonych przez kadr\u0119 kierownicz\u0105 zak\u0142ad\u00f3w papierniczych i&nbsp;poligraficznych. System punktowy ECTS umo\u017cliwia odbycie cz\u0119\u015bci studi\u00f3w (jednego lub dw\u00f3ch semestr\u00f3w) na&nbsp;innych wydzia\u0142ach i&nbsp;uczelniach, w&nbsp;tym zagranicznych, a&nbsp;tak\u017ce wykonywanie prac dyplomowych w&nbsp;zak\u0142adach przemys\u0142owych lub w&nbsp;Centrum PiP, r\u00f3wnie\u017c wg nowoczesnej formu\u0142y &#8220;brain storm&#8221;.<\/p>\t\t\t\t\t\t<\/div>\n\t\t\t\t<\/div>\n\t\t\t\t\t<\/div>\n\t\t<\/div>\n\t\t\t\t\t\t\t<\/div>\n\t\t<\/section>\n\t\t\t\t<section class=\"elementor-section elementor-top-section elementor-element elementor-element-010049d elementor-section-boxed elementor-section-height-default elementor-section-height-default\" data-id=\"010049d\" data-element_type=\"section\">\n\t\t\t\t\t\t<div class=\"elementor-container elementor-column-gap-default\">\n\t\t\t\t\t<div class=\"elementor-column elementor-col-50 elementor-top-column elementor-element elementor-element-abb6804\" data-id=\"abb6804\" data-element_type=\"column\">\n\t\t\t<div class=\"elementor-widget-wrap elementor-element-populated\">\n\t\t\t\t\t\t\t\t<div class=\"elementor-element elementor-element-dab610e elementor-widget elementor-widget-text-editor\" data-id=\"dab610e\" data-element_type=\"widget\" data-widget_type=\"text-editor.default\">\n\t\t\t\t<div class=\"elementor-widget-container\">\n\t\t\t\t\t\t\t\t<p>Celem kszta\u0142cenia, opr\u00f3cz przekazania rozleg\u0142ej wiedzy technicznej z\u00a0zakresu papiernictwa i\u00a0poligrafii, jest r\u00f3wnie\u017c dostarczenie bogatej interdyscyplinarnej wiedzy z\u00a0przedmiot\u00f3w humanizuj\u0105cych, uwzgl\u0119dniaj\u0105cych przede wszystkim rozw\u00f3j osobowo\u015bci (m.in. w\u00a0ramach takich zaj\u0119\u0107 jak inteligencja emocjonalna, umiej\u0119tno\u015b\u0107 pracy w\u00a0zespole, organizacja pracy i\u00a0zarz\u0105dzanie zasobami ludzkimi). Studenci mog\u0105 doskonali\u0107 znajomo\u015b\u0107 j\u0119zyka angielskiego poprzez uczestnictwo w\u00a0zaj\u0119ciach prowadzonych w\u00a0j\u0119zyku angielskim.<\/p>\t\t\t\t\t\t<\/div>\n\t\t\t\t<\/div>\n\t\t\t\t\t<\/div>\n\t\t<\/div>\n\t\t\t\t<div class=\"elementor-column elementor-col-50 elementor-top-column elementor-element elementor-element-0af24f4\" data-id=\"0af24f4\" data-element_type=\"column\">\n\t\t\t<div class=\"elementor-widget-wrap elementor-element-populated\">\n\t\t\t\t\t\t\t\t<div class=\"elementor-element elementor-element-a0dea20 elementor-widget elementor-widget-image\" data-id=\"a0dea20\" data-element_type=\"widget\" data-widget_type=\"image.default\">\n\t\t\t\t<div class=\"elementor-widget-container\">\n\t\t\t\t\t\t\t\t\t\t\t\t\t\t\t\t<a href=\"http:\/\/inpap.hogi.pl\/en\/wp-content\/uploads\/2021\/04\/studiuj_z_nami_1.jpg\" data-elementor-open-lightbox=\"yes\" data-elementor-lightbox-title=\"studiuj_z_nami_1\">\n\t\t\t\t\t\t\t<img loading=\"lazy\" decoding=\"async\" width=\"800\" height=\"600\" src=\"https:\/\/inpap.p.lodz.pl\/en\/wp-content\/uploads\/2021\/04\/studiuj_z_nami_1-1-1024x768.jpg\" class=\"attachment-large size-large\" alt=\"\" srcset=\"https:\/\/inpap.p.lodz.pl\/en\/wp-content\/uploads\/2021\/04\/studiuj_z_nami_1-1-1024x768.jpg 1024w, https:\/\/inpap.p.lodz.pl\/en\/wp-content\/uploads\/2021\/04\/studiuj_z_nami_1-1-300x225.jpg 300w, https:\/\/inpap.p.lodz.pl\/en\/wp-content\/uploads\/2021\/04\/studiuj_z_nami_1-1-768x576.jpg 768w, https:\/\/inpap.p.lodz.pl\/en\/wp-content\/uploads\/2021\/04\/studiuj_z_nami_1-1.jpg 1306w\" sizes=\"auto, (max-width: 800px) 100vw, 800px\" \/>\t\t\t\t\t\t\t\t<\/a>\n\t\t\t\t\t\t\t\t\t\t\t\t\t\t\t<\/div>\n\t\t\t\t<\/div>\n\t\t\t\t\t<\/div>\n\t\t<\/div>\n\t\t\t\t\t\t\t<\/div>\n\t\t<\/section>\n\t\t\t\t<section class=\"elementor-section elementor-top-section elementor-element elementor-element-a0508b7 elementor-section-boxed elementor-section-height-default elementor-section-height-default\" data-id=\"a0508b7\" data-element_type=\"section\">\n\t\t\t\t\t\t<div class=\"elementor-container elementor-column-gap-default\">\n\t\t\t\t\t<div class=\"elementor-column elementor-col-100 elementor-top-column elementor-element elementor-element-2e1bf8a\" data-id=\"2e1bf8a\" data-element_type=\"column\">\n\t\t\t<div class=\"elementor-widget-wrap elementor-element-populated\">\n\t\t\t\t\t\t\t\t<div class=\"elementor-element elementor-element-81f6463 elementor-widget elementor-widget-heading\" data-id=\"81f6463\" data-element_type=\"widget\" data-widget_type=\"heading.default\">\n\t\t\t\t<div class=\"elementor-widget-container\">\n\t\t\t<h4 class=\"elementor-heading-title elementor-size-default\">Perspektywy zawodowe<\/h4>\t\t<\/div>\n\t\t\t\t<\/div>\n\t\t\t\t<div class=\"elementor-element elementor-element-de8fc2a elementor-widget elementor-widget-text-editor\" data-id=\"de8fc2a\" data-element_type=\"widget\" data-widget_type=\"text-editor.default\">\n\t\t\t\t<div class=\"elementor-widget-container\">\n\t\t\t\t\t\t\t\t<p>Uko\u0144czenie studi\u00f3w jest przepustk\u0105 do\u00a0grupy zawodowej, w\u00a0kt\u00f3rej najwy\u017cej ceni si\u0119 fachow\u0105 wiedz\u0119 i\u00a0umiej\u0119tno\u015bci praktyczne w\u00a0rozwi\u0105zywaniu z\u0142o\u017conych problem\u00f3w technicznych. Obecnie in\u017cynierowie w\u00a0zakresie papiernictwa i\u00a0poligrafii s\u0105 poszukiwani i\u00a0doceniani przez pracodawc\u00f3w krajowych i\u00a0zagranicznych, w\u00a0tym m.in. przez International Paper Kwidzyn, Stora Enso w\u00a0Ostro\u0142\u0119ce, Polsk\u0105 Wytw\u00f3rni\u0105 Papier\u00f3w Warto\u015bciowych S.A., RR Donnelley w\u00a0Krakowie. Liczba podmiot\u00f3w gospodarczych produkuj\u0105cych mas\u0119 w\u0142\u00f3knistych, papier oraz\u00a0wyroby z\u00a0papieru &#8211; 330. Liczba przedsi\u0119biorstw poligraficznych &#8211; ok. 800 (przedsi\u0119biorstw zatrudnaj\u0105cych pow. 10 pracownik\u00f3w).<\/p><p>Centrum\u00a0 stara si\u0119 sprosta\u0107 wyzwaniom stawianym wsp\u00f3\u0142czesnym potrzebom rynku pracy. Student zdobywa wiedz\u0119 i\u00a0kwalifikacje potrzebne do\u00a0zatrudnienia w\u00a0jednym z\u00a0najwi\u0119kszych sektor\u00f3w gospodarki \u015bwiatowej tj. w\u00a0przemys\u0142ach papierniczym, przetw\u00f3rczym i\u00a0poligraficznym. Jest przygotowany do\u00a0zarz\u0105dzania zasobami ludzkimi, a\u00a0tak\u017ce do\u00a0prowadzenia dzia\u0142alno\u015bci na\u00a0w\u0142asny rachunek. B\u0119dzie m\u00f3g\u0142 r\u00f3wnie\u017c realizowa\u0107 swoje aspiracje zawodowe w\u00a0jednostkach naukowo-badawczych czy biurach projektowych.<\/p>\t\t\t\t\t\t<\/div>\n\t\t\t\t<\/div>\n\t\t\t\t\t<\/div>\n\t\t<\/div>\n\t\t\t\t\t\t\t<\/div>\n\t\t<\/section>\n\t\t\t\t<section class=\"elementor-section elementor-top-section elementor-element elementor-element-5193e78 elementor-section-boxed elementor-section-height-default elementor-section-height-default\" data-id=\"5193e78\" data-element_type=\"section\">\n\t\t\t\t\t\t<div class=\"elementor-container elementor-column-gap-default\">\n\t\t\t\t\t<div class=\"elementor-column elementor-col-50 elementor-top-column elementor-element elementor-element-464522c\" data-id=\"464522c\" data-element_type=\"column\">\n\t\t\t<div class=\"elementor-widget-wrap elementor-element-populated\">\n\t\t\t\t\t\t\t\t<div class=\"elementor-element elementor-element-a8a94ba elementor-widget elementor-widget-image\" data-id=\"a8a94ba\" data-element_type=\"widget\" data-widget_type=\"image.default\">\n\t\t\t\t<div class=\"elementor-widget-container\">\n\t\t\t\t\t\t\t\t\t\t\t\t\t\t\t\t<a href=\"http:\/\/inpap.hogi.pl\/en\/wp-content\/uploads\/2021\/04\/studiuj_z_nami_2.jpg\" data-elementor-open-lightbox=\"yes\" data-elementor-lightbox-title=\"studiuj_z_nami_2\">\n\t\t\t\t\t\t\t<img loading=\"lazy\" decoding=\"async\" width=\"800\" height=\"600\" src=\"https:\/\/inpap.p.lodz.pl\/en\/wp-content\/uploads\/2021\/04\/studiuj_z_nami_2-1-1024x768.jpg\" class=\"attachment-large size-large\" alt=\"\" srcset=\"https:\/\/inpap.p.lodz.pl\/en\/wp-content\/uploads\/2021\/04\/studiuj_z_nami_2-1-1024x768.jpg 1024w, https:\/\/inpap.p.lodz.pl\/en\/wp-content\/uploads\/2021\/04\/studiuj_z_nami_2-1-300x225.jpg 300w, https:\/\/inpap.p.lodz.pl\/en\/wp-content\/uploads\/2021\/04\/studiuj_z_nami_2-1-768x576.jpg 768w, https:\/\/inpap.p.lodz.pl\/en\/wp-content\/uploads\/2021\/04\/studiuj_z_nami_2-1.jpg 1422w\" sizes=\"auto, (max-width: 800px) 100vw, 800px\" \/>\t\t\t\t\t\t\t\t<\/a>\n\t\t\t\t\t\t\t\t\t\t\t\t\t\t\t<\/div>\n\t\t\t\t<\/div>\n\t\t\t\t\t<\/div>\n\t\t<\/div>\n\t\t\t\t<div class=\"elementor-column elementor-col-50 elementor-top-column elementor-element elementor-element-3c7ba85\" data-id=\"3c7ba85\" data-element_type=\"column\">\n\t\t\t<div class=\"elementor-widget-wrap elementor-element-populated\">\n\t\t\t\t\t\t\t\t<div class=\"elementor-element elementor-element-b089b64 elementor-widget elementor-widget-image\" data-id=\"b089b64\" data-element_type=\"widget\" data-widget_type=\"image.default\">\n\t\t\t\t<div class=\"elementor-widget-container\">\n\t\t\t\t\t\t\t\t\t\t\t\t\t\t\t\t<a href=\"http:\/\/inpap.hogi.pl\/en\/wp-content\/uploads\/2021\/04\/studiuj_z_nami_3.jpg\" data-elementor-open-lightbox=\"yes\" data-elementor-lightbox-title=\"studiuj_z_nami_3\">\n\t\t\t\t\t\t\t<img loading=\"lazy\" decoding=\"async\" width=\"800\" height=\"600\" src=\"https:\/\/inpap.p.lodz.pl\/en\/wp-content\/uploads\/2021\/04\/studiuj_z_nami_3-1-1024x768.jpg\" class=\"attachment-large size-large\" alt=\"\" srcset=\"https:\/\/inpap.p.lodz.pl\/en\/wp-content\/uploads\/2021\/04\/studiuj_z_nami_3-1-1024x768.jpg 1024w, https:\/\/inpap.p.lodz.pl\/en\/wp-content\/uploads\/2021\/04\/studiuj_z_nami_3-1-300x225.jpg 300w, https:\/\/inpap.p.lodz.pl\/en\/wp-content\/uploads\/2021\/04\/studiuj_z_nami_3-1-768x576.jpg 768w, https:\/\/inpap.p.lodz.pl\/en\/wp-content\/uploads\/2021\/04\/studiuj_z_nami_3-1.jpg 1523w\" sizes=\"auto, (max-width: 800px) 100vw, 800px\" \/>\t\t\t\t\t\t\t\t<\/a>\n\t\t\t\t\t\t\t\t\t\t\t\t\t\t\t<\/div>\n\t\t\t\t<\/div>\n\t\t\t\t\t<\/div>\n\t\t<\/div>\n\t\t\t\t\t\t\t<\/div>\n\t\t<\/section>\n\t\t\t\t<section class=\"elementor-section elementor-top-section elementor-element elementor-element-af97e02 elementor-section-boxed elementor-section-height-default elementor-section-height-default\" data-id=\"af97e02\" data-element_type=\"section\">\n\t\t\t\t\t\t<div class=\"elementor-container elementor-column-gap-default\">\n\t\t\t\t\t<div class=\"elementor-column elementor-col-100 elementor-top-column elementor-element elementor-element-f498498\" data-id=\"f498498\" data-element_type=\"column\">\n\t\t\t<div class=\"elementor-widget-wrap elementor-element-populated\">\n\t\t\t\t\t\t\t\t<div class=\"elementor-element elementor-element-81dfeb7 elementor-widget elementor-widget-heading\" data-id=\"81dfeb7\" data-element_type=\"widget\" data-widget_type=\"heading.default\">\n\t\t\t\t<div class=\"elementor-widget-container\">\n\t\t\t<h4 class=\"elementor-heading-title elementor-size-default\">\u017bycie studenckie<\/h4>\t\t<\/div>\n\t\t\t\t<\/div>\n\t\t\t\t<div class=\"elementor-element elementor-element-aac1630 elementor-widget elementor-widget-text-editor\" data-id=\"aac1630\" data-element_type=\"widget\" data-widget_type=\"text-editor.default\">\n\t\t\t\t<div class=\"elementor-widget-container\">\n\t\t\t\t\t\t\t\t<p>\u017bycie studenckie jest bardzo urozmaicone, to nie tylko nauka, ale tak\u017ce imprezy sportowe czy rozwijanie zainteresowa\u0144 w\u00a0Ko\u0142ach Naukowych. Przy Centrum dzia\u0142aj\u0105 dwa takie Ko\u0142a: Ko\u0142o Naukowe Papiernik\u00f3w i\u00a0Ko\u0142o Naukowe Poligraf\u00f3w. Studenci prowadz\u0105 owocn\u0105 wsp\u00f3\u0142prac\u0119 z\u00a0wieloma o\u015brodkami akademickimi i\u00a0naukowymi, m. in. w\u00a0Grenoble, Darmstadt, Helsinkach i\u00a0Holandii oraz\u00a0bior\u0105 aktywnie udzia\u0142 w\u00a0dzia\u0142alno\u015bci organizacji bran\u017cowych takich jak: Stowarzyszenie Papiernik\u00f3w Polskich, Sekcja Poligraf\u00f3w Stowarzyszenia In\u017cynier\u00f3w i\u00a0Technik\u00f3w Mechanik\u00f3w Polskich.<\/p><p>Nasi studenci organizuj\u0105 seminaria i\u00a0konferencje, wyjazdy szkoleniowe do\u00a0zak\u0142ad\u00f3w papierniczych i\u00a0poligraficznych, gdzie wiedz\u0119 teoretyczn\u0105 sprawdzaj\u0105 w\u00a0praktyce. Bior\u0105 r\u00f3wnie\u017c udzia\u0142 w\u00a0zawodach sportowych, przede wszystkim w\u00a0mi\u0119dzynarodowych zawodach siatk\u00f3wki dla papiernik\u00f3w, rozgrywanych corocznie w\u00a0Darmstadt. Aktywnie uczestnicz\u0105 w\u00a0Festiwalu Techniki Nauki i\u00a0Sztuki, gdzie prezentuj\u0105 artystyczne formy papieru i\u00a0druku. Rozwijaj\u0105c umiej\u0119tno\u015b\u0107 pracy w\u00a0zespole, ucz\u0105 si\u0119 odpowiedzialno\u015bci i\u00a0kreatywno\u015bci.<\/p>\t\t\t\t\t\t<\/div>\n\t\t\t\t<\/div>\n\t\t\t\t\t<\/div>\n\t\t<\/div>\n\t\t\t\t\t\t\t<\/div>\n\t\t<\/section>\n\t\t\t\t\t\t<\/div>\n\t\t\t\t\t<\/div>\n\t\t","protected":false},"excerpt":{"rendered":"<p>STUDIUJ Z NAMI Kszta\u0142cenie odbywa si\u0119 wed\u0142ug nowych, atrakcyjnych program\u00f3w studi\u00f3w, zgodnie z&nbsp;zasadami wsp\u00f3\u0142czesnego nauczania w&nbsp;uczelniach europejskich, okre\u015blonymi w&nbsp;tzw. procesie bolo\u0144skim. Program uwzgl\u0119dnia interdyscyplinarny charakter studi\u00f3w oraz&nbsp;ukierunkowanie kszta\u0142cenia na&nbsp;potrzeby przemys\u0142u, m.in. przez wprowadzenie bloku przedmiot\u00f3w tzw. zawodowych, prowadzonych przez kadr\u0119 kierownicz\u0105 zak\u0142ad\u00f3w papierniczych i&nbsp;poligraficznych. System punktowy ECTS umo\u017cliwia odbycie cz\u0119\u015bci studi\u00f3w (jednego lub dw\u00f3ch semestr\u00f3w) [&hellip;]<\/p>\n","protected":false},"author":1,"featured_media":0,"parent":0,"menu_order":0,"comment_status":"closed","ping_status":"closed","template":"","meta":{"footnotes":""},"class_list":["post-47","page","type-page","status-publish","hentry"],"_links":{"self":[{"href":"https:\/\/inpap.p.lodz.pl\/en\/wp-json\/wp\/v2\/pages\/47","targetHints":{"allow":["GET"]}}],"collection":[{"href":"https:\/\/inpap.p.lodz.pl\/en\/wp-json\/wp\/v2\/pages"}],"about":[{"href":"https:\/\/inpap.p.lodz.pl\/en\/wp-json\/wp\/v2\/types\/page"}],"author":[{"embeddable":true,"href":"https:\/\/inpap.p.lodz.pl\/en\/wp-json\/wp\/v2\/users\/1"}],"replies":[{"embeddable":true,"href":"https:\/\/inpap.p.lodz.pl\/en\/wp-json\/wp\/v2\/comments?post=47"}],"version-history":[{"count":1,"href":"https:\/\/inpap.p.lodz.pl\/en\/wp-json\/wp\/v2\/pages\/47\/revisions"}],"predecessor-version":[{"id":906,"href":"https:\/\/inpap.p.lodz.pl\/en\/wp-json\/wp\/v2\/pages\/47\/revisions\/906"}],"wp:attachment":[{"href":"https:\/\/inpap.p.lodz.pl\/en\/wp-json\/wp\/v2\/media?parent=47"}],"curies":[{"name":"wp","href":"https:\/\/api.w.org\/{rel}","templated":true}]}}