{"id":28,"date":"2021-03-25T13:49:51","date_gmt":"2021-03-25T12:49:51","guid":{"rendered":"http:\/\/inpap.hogi.pl\/en\/?page_id=17"},"modified":"2021-03-25T13:49:51","modified_gmt":"2021-03-25T12:49:51","slug":"financial-matters","status":"publish","type":"page","link":"https:\/\/inpap.p.lodz.pl\/en\/about-the-center\/financial-matters\/","title":{"rendered":"Financial matters"},"content":{"rendered":"\t\t<div data-elementor-type=\"wp-page\" data-elementor-id=\"28\" class=\"elementor elementor-28\" data-elementor-settings=\"[]\">\n\t\t\t\t\t\t\t<div class=\"elementor-section-wrap\">\n\t\t\t\t\t\t\t<section class=\"elementor-section elementor-top-section elementor-element elementor-element-8343f4d elementor-section-boxed elementor-section-height-default elementor-section-height-default\" data-id=\"8343f4d\" data-element_type=\"section\">\n\t\t\t\t\t\t<div class=\"elementor-container elementor-column-gap-default\">\n\t\t\t\t\t<div class=\"elementor-column elementor-col-100 elementor-top-column elementor-element elementor-element-53285c0\" data-id=\"53285c0\" data-element_type=\"column\">\n\t\t\t<div class=\"elementor-widget-wrap elementor-element-populated\">\n\t\t\t\t\t\t\t\t<div class=\"elementor-element elementor-element-5d81012 elementor-widget elementor-widget-heading\" data-id=\"5d81012\" data-element_type=\"widget\" data-widget_type=\"heading.default\">\n\t\t\t\t<div class=\"elementor-widget-container\">\n\t\t\t<p class=\"elementor-heading-title elementor-size-default\">Nasze konto, adres i\u00a0NIP:<\/p>\t\t<\/div>\n\t\t\t\t<\/div>\n\t\t\t\t<div class=\"elementor-element elementor-element-23d2015 elementor-widget elementor-widget-heading\" data-id=\"23d2015\" data-element_type=\"widget\" data-widget_type=\"heading.default\">\n\t\t\t\t<div class=\"elementor-widget-container\">\n\t\t\t<span class=\"elementor-heading-title elementor-size-default\">45 1240 3028 1111 0010 3742 3060<\/span>\t\t<\/div>\n\t\t\t\t<\/div>\n\t\t\t\t<div class=\"elementor-element elementor-element-d9d91c1 elementor-widget elementor-widget-text-editor\" data-id=\"d9d91c1\" data-element_type=\"widget\" data-widget_type=\"text-editor.default\">\n\t\t\t\t<div class=\"elementor-widget-container\">\n\t\t\t\t\t\t\t\t<p>\u00a0<\/p><p>POLITECHNIKA \u0141\u00d3DZKA,<br \/>Centrum Papiernictwa i\u00a0Poligrafii<br \/>90-924 \u0141\u00f3d\u017a, ul. W\u00f3lcza\u0144ska 223<\/p><p>NIP:\u00a0<strong>727-002-18-95<\/strong><\/p>\t\t\t\t\t\t<\/div>\n\t\t\t\t<\/div>\n\t\t\t\t\t<\/div>\n\t\t<\/div>\n\t\t\t\t\t\t\t<\/div>\n\t\t<\/section>\n\t\t\t\t\t\t<\/div>\n\t\t\t\t\t<\/div>\n\t\t","protected":false},"excerpt":{"rendered":"<p>Nasze konto, adres i&nbsp;NIP: 45 1240 3028 1111 0010 3742 3060 POLITECHNIKA \u0141\u00d3DZKA, Centrum Papiernictwa i&nbsp;Poligrafii 90-924 \u0141\u00f3d\u017a, ul. W\u00f3lcza\u0144ska 223 NIP:&nbsp;727-002-18-95<\/p>\n","protected":false},"author":1,"featured_media":0,"parent":23,"menu_order":0,"comment_status":"closed","ping_status":"closed","template":"","meta":{"footnotes":""},"class_list":["post-28","page","type-page","status-publish","hentry"],"_links":{"self":[{"href":"https:\/\/inpap.p.lodz.pl\/en\/wp-json\/wp\/v2\/pages\/28","targetHints":{"allow":["GET"]}}],"collection":[{"href":"https:\/\/inpap.p.lodz.pl\/en\/wp-json\/wp\/v2\/pages"}],"about":[{"href":"https:\/\/inpap.p.lodz.pl\/en\/wp-json\/wp\/v2\/types\/page"}],"author":[{"embeddable":true,"href":"https:\/\/inpap.p.lodz.pl\/en\/wp-json\/wp\/v2\/users\/1"}],"replies":[{"embeddable":true,"href":"https:\/\/inpap.p.lodz.pl\/en\/wp-json\/wp\/v2\/comments?post=28"}],"version-history":[{"count":0,"href":"https:\/\/inpap.p.lodz.pl\/en\/wp-json\/wp\/v2\/pages\/28\/revisions"}],"up":[{"embeddable":true,"href":"https:\/\/inpap.p.lodz.pl\/en\/wp-json\/wp\/v2\/pages\/23"}],"wp:attachment":[{"href":"https:\/\/inpap.p.lodz.pl\/en\/wp-json\/wp\/v2\/media?parent=28"}],"curies":[{"name":"wp","href":"https:\/\/api.w.org\/{rel}","templated":true}]}}