{"id":27,"date":"2021-03-25T13:49:30","date_gmt":"2021-03-25T12:49:30","guid":{"rendered":"http:\/\/inpap.hogi.pl\/en\/?page_id=15"},"modified":"2021-03-25T13:49:30","modified_gmt":"2021-03-25T12:49:30","slug":"employees","status":"publish","type":"page","link":"https:\/\/inpap.p.lodz.pl\/en\/about-the-center\/employees\/","title":{"rendered":"Employees"},"content":{"rendered":"\t\t<div data-elementor-type=\"wp-page\" data-elementor-id=\"27\" class=\"elementor elementor-27\" data-elementor-settings=\"[]\">\n\t\t\t\t\t\t\t<div class=\"elementor-section-wrap\">\n\t\t\t\t\t\t\t<section class=\"elementor-section elementor-top-section elementor-element elementor-element-2ba6952 elementor-section-boxed elementor-section-height-default elementor-section-height-default\" data-id=\"2ba6952\" data-element_type=\"section\">\n\t\t\t\t\t\t<div class=\"elementor-container elementor-column-gap-default\">\n\t\t\t\t\t<div class=\"elementor-column elementor-col-100 elementor-top-column elementor-element elementor-element-8bf091f\" data-id=\"8bf091f\" data-element_type=\"column\">\n\t\t\t<div class=\"elementor-widget-wrap elementor-element-populated\">\n\t\t\t\t\t\t\t\t<div class=\"elementor-element elementor-element-c143d4c elementor-widget elementor-widget-text-editor\" data-id=\"c143d4c\" data-element_type=\"widget\" data-widget_type=\"text-editor.default\">\n\t\t\t\t<div class=\"elementor-widget-container\">\n\t\t\t\t\t\t\t\t<p><strong>Pracownicy samodzielni<\/strong><\/p><ul><li>dr hab. Svitlana Havenko, tel. 3811,\u00a0svitlana.havenko@p.lodz.pl<\/li><li>dr hab. in\u017c. Svitlana Khadzhynova, tel. 3811,\u00a0khadzhynova@p.lodz.pl<\/li><li>dr hab. in\u017c. Dariusz Danielewicz, prof. P\u0141,\u00a0tel. 3838,\u00a0danielewicz@p.lodz.pl, kom: 502 993 215<\/li><li>dr hab. in\u017c. Konrad Olejnik, prof. P\u0141, tel. 3841,\u00a0olejnik@p.lodz.pl<\/li><li>dr hab. in\u017c. W\u0142odzimierz Szewczyk, prof. P\u0141, tel. 3810,\u00a0szewczyk@p.lodz.pl<\/li><li>dr hab. in\u017c. Tomasz Ganicz, tel. 3807,\u00a0ganicz@p.lodz.pl<\/li><\/ul><p><strong>\u00a0<\/strong><\/p><p><strong>Doktorzy\u00a0<\/strong><\/p><ul><li>dr in\u017c. Janina Leks-Stepie\u0144, tel. 38 17,\u00a0leks-stepien@p.lodz.pl<\/li><li>dr in\u017c. Pawe\u0142 Pe\u0142czynski, tel. 38 16,\u00a0pelczynski@p.lodz.pl<\/li><li>dr in\u017c. Mariusz Reczulski, tel. 38 31,\u00a0reczulski@p.lodz.pl<\/li><li>dr in\u017c. Anna Stanis\u0142awska, tel. 38 19,\u00a0stanislawska@p.lodz.pl<\/li><li>dr in\u017c. Agnieszka Wysocka-Robak, tel. 38 41,\u00a0wysocka-robak@p.lodz.pl<\/li><li>dr in\u017c. Magdalena Kmiotek, tel. 38 21,\u00a0kmiotek@p.lodz.pl<\/li><li>dr in\u017c. Aleksandra Erdman, tel. 28 58,\u00a0erdman@p.lodz.pl<\/li><li>dr in\u017c. Piotr Pospiech, tel. 38 09,\u00a0pospiech@p.lodz.pl<\/li><li>dr in\u017c. Micha\u0142 Kuczkowski, tel. 38 27,\u00a0kuczkowski@p.lodz.pl<\/li><li>dr Anna Karmazyn, tel. 38 11,\u00a0karmazyn@p.lodz.pl<\/li><li>mgr in\u017c. Gabriela Kmita &#8211; Fudalej, tel. 38 04<\/li><\/ul><p><strong>\u00a0<\/strong><\/p><p><strong>Pracownicy in\u017cynieryjno-techniczni<\/strong><\/p><ul><li>Krystyna Pilip, tel. 38 22,\u00a0pilip@p.lodz.pl<\/li><li>Krzysztof \u015awinoga, tel. 38 29,\u00a0swinoga@p.lodz.pl<\/li><li>mgr in\u017c. Maria Bie\u0144kowska, tel. 38 04,\u00a0bienkowska@p.lodz.pl<\/li><li>mgr Kinga Troszczy\u0144ska, tel. 38 13,\u00a0dereszewska@p.lodz.pl<\/li><\/ul><p><strong>\u00a0<\/strong><\/p><p><strong>Administracja<\/strong><\/p><ul><li>Ma\u0142gorzata Dybalska, tel. 38 02,\u00a0dybalska@p.lodz.pl<\/li><li>mgr Jolanta Oryl, tel. 38 03,\u00a0oryl@p.lodz.pl<\/li><li>Janusz Paw\u0142owicz, tel 38 20,\u00a0pawlowicz@p.lodz.pl<\/li><\/ul><p><strong>\u00a0<\/strong><\/p><p><strong>Obs\u0142uga<\/strong><\/p><ul><li>Piotr Szczepa\u0144ski<\/li><li>Katarzyna Smor\u0119da<\/li><li>Karina Brzezi\u0144ska<\/li><\/ul><p><strong>\u00a0<\/strong><\/p><p><strong>Wsp\u00f3\u0142praca<\/strong><\/p><ul><li>dr in\u017c. Alicja Biel-Tyralska, tel. 38 36,\u00a0biel-tyralska@p.lodz.pl<\/li><li>dr Krzysztof G\u0142owacki, tel. 38 32,\u00a0glowacki@p.lodz.pl<\/li><li>dr hab. \u00a0Barbara Surma-\u015alusarska, tel. 38 39,\u00a0barbara.surma-slusarska@p.lodz.pl<\/li><li>dr hab. Pawe\u0142 Wandelt,\u00a0wandelt@p.lodz.pl<\/li><li>dr in\u017c. Aleksander Klepaczka, tel. 38 27,\u00a0klepaczka@p.lodz.pl<\/li><li>dr in\u017c. Marek Kryczka, tel. 3815,\u00a0kryczka@p.lodz.pl<\/li><li>mgr in\u017c. Tadeusz Ginalski, tel. 38 32,\u00a0ginalski@p.lodz.pl<\/li><li>mgr Wojciech \u015awiekatowski, tel. 38 09,\u00a0swiekatowski@p.lodz.pl<\/li><\/ul>\t\t\t\t\t\t<\/div>\n\t\t\t\t<\/div>\n\t\t\t\t\t<\/div>\n\t\t<\/div>\n\t\t\t\t\t\t\t<\/div>\n\t\t<\/section>\n\t\t\t\t\t\t<\/div>\n\t\t\t\t\t<\/div>\n\t\t","protected":false},"excerpt":{"rendered":"<p>Pracownicy samodzielni dr hab. Svitlana Havenko, tel. 3811,&nbsp;svitlana.havenko@p.lodz.pl dr hab. in\u017c. Svitlana Khadzhynova, tel. 3811,&nbsp;khadzhynova@p.lodz.pl dr hab. in\u017c. Dariusz Danielewicz, prof. P\u0141,&nbsp;tel. 3838,&nbsp;danielewicz@p.lodz.pl, kom: 502 993 215 dr hab. in\u017c. Konrad Olejnik, prof. P\u0141, tel. 3841,&nbsp;olejnik@p.lodz.pl dr hab. in\u017c. W\u0142odzimierz Szewczyk, prof. P\u0141, tel. 3810,&nbsp;szewczyk@p.lodz.pl dr hab. in\u017c. Tomasz Ganicz, tel. 3807,&nbsp;ganicz@p.lodz.pl &nbsp; Doktorzy&nbsp; dr [&hellip;]<\/p>\n","protected":false},"author":1,"featured_media":0,"parent":23,"menu_order":0,"comment_status":"closed","ping_status":"closed","template":"","meta":{"footnotes":""},"class_list":["post-27","page","type-page","status-publish","hentry"],"_links":{"self":[{"href":"https:\/\/inpap.p.lodz.pl\/en\/wp-json\/wp\/v2\/pages\/27","targetHints":{"allow":["GET"]}}],"collection":[{"href":"https:\/\/inpap.p.lodz.pl\/en\/wp-json\/wp\/v2\/pages"}],"about":[{"href":"https:\/\/inpap.p.lodz.pl\/en\/wp-json\/wp\/v2\/types\/page"}],"author":[{"embeddable":true,"href":"https:\/\/inpap.p.lodz.pl\/en\/wp-json\/wp\/v2\/users\/1"}],"replies":[{"embeddable":true,"href":"https:\/\/inpap.p.lodz.pl\/en\/wp-json\/wp\/v2\/comments?post=27"}],"version-history":[{"count":0,"href":"https:\/\/inpap.p.lodz.pl\/en\/wp-json\/wp\/v2\/pages\/27\/revisions"}],"up":[{"embeddable":true,"href":"https:\/\/inpap.p.lodz.pl\/en\/wp-json\/wp\/v2\/pages\/23"}],"wp:attachment":[{"href":"https:\/\/inpap.p.lodz.pl\/en\/wp-json\/wp\/v2\/media?parent=27"}],"curies":[{"name":"wp","href":"https:\/\/api.w.org\/{rel}","templated":true}]}}