{"id":26,"date":"2021-03-25T13:49:06","date_gmt":"2021-03-25T12:49:06","guid":{"rendered":"http:\/\/inpap.hogi.pl\/en\/?page_id=13"},"modified":"2021-03-25T13:49:06","modified_gmt":"2021-03-25T12:49:06","slug":"authorities","status":"publish","type":"page","link":"https:\/\/inpap.p.lodz.pl\/en\/about-the-center\/authorities\/","title":{"rendered":"Authorities"},"content":{"rendered":"\t\t<div data-elementor-type=\"wp-page\" data-elementor-id=\"26\" class=\"elementor elementor-26\" data-elementor-settings=\"[]\">\n\t\t\t\t\t\t\t<div class=\"elementor-section-wrap\">\n\t\t\t\t\t\t\t<section class=\"elementor-section elementor-top-section elementor-element elementor-element-454a8d9 elementor-section-boxed elementor-section-height-default elementor-section-height-default\" data-id=\"454a8d9\" data-element_type=\"section\">\n\t\t\t\t\t\t<div class=\"elementor-container elementor-column-gap-default\">\n\t\t\t\t\t<div class=\"elementor-column elementor-col-100 elementor-top-column elementor-element elementor-element-36839a8\" data-id=\"36839a8\" data-element_type=\"column\">\n\t\t\t<div class=\"elementor-widget-wrap elementor-element-populated\">\n\t\t\t\t\t\t\t\t<div class=\"elementor-element elementor-element-c7d47f6 elementor-widget elementor-widget-text-editor\" data-id=\"c7d47f6\" data-element_type=\"widget\" data-widget_type=\"text-editor.default\">\n\t\t\t\t<div class=\"elementor-widget-container\">\n\t\t\t\t\t\t\t\t<p><strong>Dyrektor:<\/strong><\/p><p>dr hab. in\u017c. Konrad Olejnik, prof. P\u0141<\/p><p>kontakt:<br \/>tel: +(48 42) 631 38 03, 631 38 41<br \/>e-mail:\u00a0<strong>konrad.olejnik@p.lodz.pl<\/strong><\/p><p>\u00a0<\/p><p><strong>Zast\u0119pca Dyrektora ds. Rozwoju:<\/strong><\/p><p>dr hab. in\u017c. W\u0142odzimierz Szewczyk, prof. P\u0141<\/p><p>kontakt:<br \/>tel: +(48 42) 631 38 10<br \/>e-mail:\u00a0<strong>wlodzimierz.szewczyk@p.lodz.pl<\/strong><\/p><p>\u00a0<\/p><p><strong>Zast\u0119pca Dyrektora ds. Kszta\u0142cenia<\/strong><\/p><p>dr hab. in\u017c. Svitlana Khadzhynova<\/p><p>kontakt:<br \/>tel: +(48 42) 631 38 11<br \/>e-mail:\u00a0<strong>svitlana.khadzhynova@p.lodz.pl<\/strong><\/p>\t\t\t\t\t\t<\/div>\n\t\t\t\t<\/div>\n\t\t\t\t\t<\/div>\n\t\t<\/div>\n\t\t\t\t\t\t\t<\/div>\n\t\t<\/section>\n\t\t\t\t\t\t<\/div>\n\t\t\t\t\t<\/div>\n\t\t","protected":false},"excerpt":{"rendered":"<p>Dyrektor: dr hab. in\u017c. Konrad Olejnik, prof. P\u0141 kontakt: tel: +(48 42) 631 38 03, 631 38 41 e-mail:&nbsp;konrad.olejnik@p.lodz.pl Zast\u0119pca Dyrektora ds. Rozwoju: dr hab. in\u017c. W\u0142odzimierz Szewczyk, prof. P\u0141 kontakt: tel: +(48 42) 631 38 10 e-mail:&nbsp;wlodzimierz.szewczyk@p.lodz.pl Zast\u0119pca Dyrektora ds. Kszta\u0142cenia dr hab. in\u017c. Svitlana Khadzhynova kontakt: tel: +(48 42) 631 38 11 e-mail:&nbsp;svitlana.khadzhynova@p.lodz.pl<\/p>\n","protected":false},"author":1,"featured_media":0,"parent":23,"menu_order":0,"comment_status":"closed","ping_status":"closed","template":"","meta":{"footnotes":""},"class_list":["post-26","page","type-page","status-publish","hentry"],"_links":{"self":[{"href":"https:\/\/inpap.p.lodz.pl\/en\/wp-json\/wp\/v2\/pages\/26","targetHints":{"allow":["GET"]}}],"collection":[{"href":"https:\/\/inpap.p.lodz.pl\/en\/wp-json\/wp\/v2\/pages"}],"about":[{"href":"https:\/\/inpap.p.lodz.pl\/en\/wp-json\/wp\/v2\/types\/page"}],"author":[{"embeddable":true,"href":"https:\/\/inpap.p.lodz.pl\/en\/wp-json\/wp\/v2\/users\/1"}],"replies":[{"embeddable":true,"href":"https:\/\/inpap.p.lodz.pl\/en\/wp-json\/wp\/v2\/comments?post=26"}],"version-history":[{"count":0,"href":"https:\/\/inpap.p.lodz.pl\/en\/wp-json\/wp\/v2\/pages\/26\/revisions"}],"up":[{"embeddable":true,"href":"https:\/\/inpap.p.lodz.pl\/en\/wp-json\/wp\/v2\/pages\/23"}],"wp:attachment":[{"href":"https:\/\/inpap.p.lodz.pl\/en\/wp-json\/wp\/v2\/media?parent=26"}],"curies":[{"name":"wp","href":"https:\/\/api.w.org\/{rel}","templated":true}]}}