{"id":25,"date":"2021-03-25T13:48:28","date_gmt":"2021-03-25T12:48:28","guid":{"rendered":"http:\/\/inpap.hogi.pl\/en\/?page_id=11"},"modified":"2021-03-25T13:48:28","modified_gmt":"2021-03-25T12:48:28","slug":"secretariat-and-deans-office","status":"publish","type":"page","link":"https:\/\/inpap.p.lodz.pl\/en\/about-the-center\/secretariat-and-deans-office\/","title":{"rendered":"Secretariat and dean&#8217;s office"},"content":{"rendered":"\t\t<div data-elementor-type=\"wp-page\" data-elementor-id=\"25\" class=\"elementor elementor-25\" data-elementor-settings=\"[]\">\n\t\t\t\t\t\t\t<div class=\"elementor-section-wrap\">\n\t\t\t\t\t\t\t<section class=\"elementor-section elementor-top-section elementor-element elementor-element-5452f09 elementor-section-boxed elementor-section-height-default elementor-section-height-default\" data-id=\"5452f09\" data-element_type=\"section\">\n\t\t\t\t\t\t<div class=\"elementor-container elementor-column-gap-default\">\n\t\t\t\t\t<div class=\"elementor-column elementor-col-100 elementor-top-column elementor-element elementor-element-2e3d1d1\" data-id=\"2e3d1d1\" data-element_type=\"column\">\n\t\t\t<div class=\"elementor-widget-wrap elementor-element-populated\">\n\t\t\t\t\t\t\t\t<div class=\"elementor-element elementor-element-e85ae44 elementor-widget elementor-widget-heading\" data-id=\"e85ae44\" data-element_type=\"widget\" data-widget_type=\"heading.default\">\n\t\t\t\t<div class=\"elementor-widget-container\">\n\t\t\t<h3 class=\"elementor-heading-title elementor-size-default\">Sekretariat<\/h3>\t\t<\/div>\n\t\t\t\t<\/div>\n\t\t\t\t<div class=\"elementor-element elementor-element-e1f22d3 elementor-widget elementor-widget-text-editor\" data-id=\"e1f22d3\" data-element_type=\"widget\" data-widget_type=\"text-editor.default\">\n\t\t\t\t<div class=\"elementor-widget-container\">\n\t\t\t\t\t\t\t\t<p>Sekretariat znajduje si\u0119 na\u00a0pierwszym pi\u0119trze w\u00a0pokoju 103.<br \/>Godziny otwarcia:\u00a0<strong>pn &#8211; pt: 7.00 &#8211; 15.00<\/strong><br \/>Sekretariat prowadzi\u00a0<strong>mgr Jolanta Oryl<\/strong><br \/>Telefon: 42 631 38 42 lub 42 631 38 03<br \/>Faks: 42 631 38 01<br \/>e-mail:\u00a0jolanta.oryl@p.lodz.pl<\/p>\t\t\t\t\t\t<\/div>\n\t\t\t\t<\/div>\n\t\t\t\t\t<\/div>\n\t\t<\/div>\n\t\t\t\t\t\t\t<\/div>\n\t\t<\/section>\n\t\t\t\t<section class=\"elementor-section elementor-top-section elementor-element elementor-element-8e4a6a6 elementor-section-boxed elementor-section-height-default elementor-section-height-default\" data-id=\"8e4a6a6\" data-element_type=\"section\">\n\t\t\t\t\t\t<div class=\"elementor-container elementor-column-gap-default\">\n\t\t\t\t\t<div class=\"elementor-column elementor-col-100 elementor-top-column elementor-element elementor-element-49fe492\" data-id=\"49fe492\" data-element_type=\"column\">\n\t\t\t<div class=\"elementor-widget-wrap elementor-element-populated\">\n\t\t\t\t\t\t\t\t<div class=\"elementor-element elementor-element-5b41753 elementor-widget elementor-widget-heading\" data-id=\"5b41753\" data-element_type=\"widget\" data-widget_type=\"heading.default\">\n\t\t\t\t<div class=\"elementor-widget-container\">\n\t\t\t<h3 class=\"elementor-heading-title elementor-size-default\">Dziekanat (sprawy studenckie)<\/h3>\t\t<\/div>\n\t\t\t\t<\/div>\n\t\t\t\t<div class=\"elementor-element elementor-element-b5ff4f4 elementor-widget elementor-widget-text-editor\" data-id=\"b5ff4f4\" data-element_type=\"widget\" data-widget_type=\"text-editor.default\">\n\t\t\t\t<div class=\"elementor-widget-container\">\n\t\t\t\t\t\t\t\t<p>Dziekanat znajduje si\u0119 przy ul. Piotrkowskiej 266<\/p><p>Godziny otwarcia:<br \/>poniedzia\u0142ek: 10.00-13.00<br \/>wtorek: 10.00-13.00<br \/>\u015broda: 08.00-11.00<br \/>czwartek: 13.00-17.00<br \/>pi\u0105tek:\u00a0<strong>NIECZYNNE<\/strong><\/p><p>sobota (<strong>tylko dla student\u00f3w studi\u00f3w niestacjonarnych w\u00a0poni\u017cszych terminach<\/strong>) : 08.00-12.00<\/p><p>06.10.2018; 13.10.2018; 27.10.2018; 03.11.2018; 17.11.2018; 24.11.2018; 08.12.2018; 15.12.2018; 12.01.2019; 19.01.2019<\/p><p>Kontakt:<br \/>tel. 42 631 36 85 (studia stacjonarne), 42 631 32 64 (studia niestacjonarne)<\/p><p>Dziekanat &#8211; Telefon: 42 631 36 85<\/p>\t\t\t\t\t\t<\/div>\n\t\t\t\t<\/div>\n\t\t\t\t\t<\/div>\n\t\t<\/div>\n\t\t\t\t\t\t\t<\/div>\n\t\t<\/section>\n\t\t\t\t\t\t<\/div>\n\t\t\t\t\t<\/div>\n\t\t","protected":false},"excerpt":{"rendered":"<p>Sekretariat Sekretariat znajduje si\u0119 na&nbsp;pierwszym pi\u0119trze w&nbsp;pokoju 103. Godziny otwarcia:&nbsp;pn &#8211; pt: 7.00 &#8211; 15.00 Sekretariat prowadzi&nbsp;mgr Jolanta Oryl Telefon: 42 631 38 42 lub 42 631 38 03 Faks: 42 631 38 01 e-mail:&nbsp;jolanta.oryl@p.lodz.pl Dziekanat (sprawy studenckie) Dziekanat znajduje si\u0119 przy ul. Piotrkowskiej 266 Godziny otwarcia: poniedzia\u0142ek: 10.00-13.00 wtorek: 10.00-13.00 \u015broda: 08.00-11.00 czwartek: 13.00-17.00 [&hellip;]<\/p>\n","protected":false},"author":1,"featured_media":0,"parent":23,"menu_order":0,"comment_status":"closed","ping_status":"closed","template":"","meta":{"footnotes":""},"class_list":["post-25","page","type-page","status-publish","hentry"],"_links":{"self":[{"href":"https:\/\/inpap.p.lodz.pl\/en\/wp-json\/wp\/v2\/pages\/25","targetHints":{"allow":["GET"]}}],"collection":[{"href":"https:\/\/inpap.p.lodz.pl\/en\/wp-json\/wp\/v2\/pages"}],"about":[{"href":"https:\/\/inpap.p.lodz.pl\/en\/wp-json\/wp\/v2\/types\/page"}],"author":[{"embeddable":true,"href":"https:\/\/inpap.p.lodz.pl\/en\/wp-json\/wp\/v2\/users\/1"}],"replies":[{"embeddable":true,"href":"https:\/\/inpap.p.lodz.pl\/en\/wp-json\/wp\/v2\/comments?post=25"}],"version-history":[{"count":0,"href":"https:\/\/inpap.p.lodz.pl\/en\/wp-json\/wp\/v2\/pages\/25\/revisions"}],"up":[{"embeddable":true,"href":"https:\/\/inpap.p.lodz.pl\/en\/wp-json\/wp\/v2\/pages\/23"}],"wp:attachment":[{"href":"https:\/\/inpap.p.lodz.pl\/en\/wp-json\/wp\/v2\/media?parent=25"}],"curies":[{"name":"wp","href":"https:\/\/api.w.org\/{rel}","templated":true}]}}